{"id":74298,"date":"2026-01-26T10:47:07","date_gmt":"2026-01-26T09:47:07","guid":{"rendered":"https:\/\/www.palcam.cat\/?page_id=74298"},"modified":"2026-01-26T10:59:09","modified_gmt":"2026-01-26T09:59:09","slug":"politica-de-cookies","status":"publish","type":"page","link":"https:\/\/www.palcam.cat\/es\/politica-de-cookies\/","title":{"rendered":"Pol\u00edtica de Cookies"},"content":{"rendered":"<p>&nbsp;<\/p>\n<p><strong><a href=\"http:\/\/www.palcam.cat\/\">www.palcam.cat<\/a><\/strong><\/p>\n<p><strong>Introducci\u00f3n<\/strong><\/p>\n<p>El sitio web <a href=\"http:\/\/www.palcam.cat\/\">www.palcam.cat<\/a> es propiedad de <strong>Liceo P\u00e0lcam SL<\/strong>. Esta Pol\u00edtica de Cookies describe c\u00f3mo utilizamos cookies y tecnolog\u00edas similares para mejorar la experiencia de navegaci\u00f3n, adaptar los servicios ofrecidos y, cuando sea necesario, recopilar datos de uso de forma an\u00f3nima. (palcam.cat)<\/p>\n<p><strong>\u00bfQu\u00e9 son las cookies?<\/strong><\/p>\n<p>Las cookies son peque\u00f1os archivos de texto que se descargan en su dispositivo cuando visita una p\u00e1gina web. Permiten que el sitio web reconozca su navegador y almacene determinadas preferencias o datos t\u00e9cnicos. No son virus y no pueden ejecutar programas ni infectar el dispositivo. (Autoridad Catalana de Protecci\u00f3n de Datos)<\/p>\n<p><strong>Base legal y consentimiento<\/strong><\/p>\n<p>De acuerdo con la <strong>Ley 34\/2002 de Servicios de la Sociedad de la Informaci\u00f3n y Comercio Electr\u00f3nico (LSSI)<\/strong> y con el <strong>Reglamento (UE) 2016\/679 (RGPD)<\/strong>, solicitamos el consentimiento del usuario para la instalaci\u00f3n de cookies no estrictamente necesarias antes de que estas se activen. El simple hecho de navegar o utilizar nuestros servicios una vez mostrado el banner implica la aceptaci\u00f3n de la pol\u00edtica. (palcam.cat)<\/p>\n<p><strong>Tipos de cookies utilizadas en <a href=\"http:\/\/www.palcam.cat\/\">www.palcam.cat<\/a><\/strong><\/p>\n<p><strong>4.1 Seg\u00fan qui\u00e9n las gestiona<\/strong><\/p>\n<table style=\"width: 100%;\" border=\"1\">\n<thead>\n<tr>\n<td><strong>Tipo<\/strong><\/td>\n<td><strong>Descripci\u00f3n<\/strong><\/td>\n<\/tr>\n<\/thead>\n<tbody>\n<tr>\n<td><strong>Propias<\/strong><\/td>\n<td>Son enviadas desde el dominio <a href=\"http:\/\/www.palcam.cat\/\">www.palcam.cat<\/a> y gestionadas por el titular del sitio web.<\/td>\n<\/tr>\n<tr>\n<td><strong>De terceros<\/strong><\/td>\n<td>Son enviadas por dominios o servicios externos (anal\u00edtica u otros servicios) y gestionadas por terceros.<\/td>\n<\/tr>\n<\/tbody>\n<\/table>\n<p>&nbsp;<\/p>\n<p><strong>4.2 Seg\u00fan la finalidad<\/strong><\/p>\n<table border=\"1\">\n<thead>\n<tr>\n<td><strong>Tipo<\/strong><\/td>\n<td><strong>Finalidad<\/strong><\/td>\n<\/tr>\n<\/thead>\n<tbody>\n<tr>\n<td><strong>T\u00e9cnicas o necesarias<\/strong><\/td>\n<td>Permiten la navegaci\u00f3n y el uso de funcionalidades b\u00e1sicas del sitio (seguridad, autenticaci\u00f3n, formularios, etc.). Se activan sin necesidad de consentimiento previo, ya que son imprescindibles para el funcionamiento del sitio web.<\/td>\n<\/tr>\n<tr>\n<td><strong>De an\u00e1lisis<\/strong><\/td>\n<td>Permiten comprender c\u00f3mo interact\u00faan los usuarios con el sitio web (estad\u00edsticas, mejoras de contenido). Se activan \u00fanicamente con el consentimiento del usuario. (palcam.cat)<\/td>\n<\/tr>\n<\/tbody>\n<\/table>\n<p>&nbsp;<\/p>\n<p><strong>4.3 Seg\u00fan el plazo de conservaci\u00f3n<\/strong><\/p>\n<table style=\"width: 100%;\" border=\"1\">\n<thead>\n<tr>\n<td><strong>Tipo<\/strong><\/td>\n<td><strong>Descripci\u00f3n<\/strong><\/td>\n<\/tr>\n<\/thead>\n<tbody>\n<tr>\n<td><strong>De sesi\u00f3n<\/strong><\/td>\n<td>Se eliminan cuando se cierra el navegador.<\/td>\n<\/tr>\n<tr>\n<td><strong>Persistentes<\/strong><\/td>\n<td>Permanecen en el dispositivo durante un per\u00edodo determinado.<\/td>\n<\/tr>\n<\/tbody>\n<\/table>\n<p>&nbsp;<\/p>\n<p><strong>Cookies concretas que puede utilizar <a href=\"http:\/\/www.palcam.cat\/\">www.palcam.cat<\/a><\/strong><\/p>\n<table style=\"width: 100%;\" border=\"1\">\n<thead>\n<tr>\n<td><strong>Cookie<\/strong><\/td>\n<td><strong>Tipo<\/strong><\/td>\n<td><strong>Finalidad<\/strong><\/td>\n<td><strong>Duraci\u00f3n<\/strong><\/td>\n<td><strong>Titular<\/strong><\/td>\n<\/tr>\n<\/thead>\n<tbody>\n<tr>\n<td>Cookies t\u00e9cnicas<\/td>\n<td>Necesaria<\/td>\n<td>Funcionamiento b\u00e1sico del sitio<\/td>\n<td>Sesi\u00f3n o persistente<\/td>\n<td>Propia<\/td>\n<\/tr>\n<tr>\n<td>Analytics (ej. Google Analytics)<\/td>\n<td>An\u00e1lisis<\/td>\n<td>Recopilaci\u00f3n de estad\u00edsticas de uso<\/td>\n<td>Persistente<\/td>\n<td>Tercero<\/td>\n<\/tr>\n<\/tbody>\n<\/table>\n<p><strong>Nota:<\/strong> Las cookies de an\u00e1lisis se instalan con el consentimiento del usuario y no se activan si este las rechaza. (palcam.cat)<\/p>\n<p>&nbsp;<\/p>\n<p><strong>Desactivaci\u00f3n y configuraci\u00f3n de cookies<\/strong><\/p>\n<p>Puede configurar su navegador para bloquear o eliminar cookies (todas o solo algunas). Tenga en cuenta que desactivar las cookies t\u00e9cnicas puede provocar que determinadas funcionalidades del sitio web no funcionen correctamente.<\/p>\n<p>Las opciones de configuraci\u00f3n de cookies en los navegadores m\u00e1s comunes son:<\/p>\n<table style=\"width: 100%;\" border=\"1\">\n<thead>\n<tr>\n<td><strong>Navegador<\/strong><\/td>\n<td><strong>Configuraci\u00f3n de cookies<\/strong><\/td>\n<\/tr>\n<\/thead>\n<tbody>\n<tr>\n<td>Google Chrome<\/td>\n<td>Configuraci\u00f3n &gt; Privacidad y seguridad &gt; Cookies<\/td>\n<\/tr>\n<tr>\n<td>Mozilla Firefox<\/td>\n<td>Opciones &gt; Privacidad y seguridad &gt; Cookies<\/td>\n<\/tr>\n<tr>\n<td>Microsoft Edge<\/td>\n<td>Configuraci\u00f3n &gt; Cookies y permisos del sitio<\/td>\n<\/tr>\n<tr>\n<td>Safari<\/td>\n<td>Preferencias &gt; Privacidad<\/td>\n<\/tr>\n<\/tbody>\n<\/table>\n<p>Adem\u00e1s, muchos navegadores permiten activar la navegaci\u00f3n privada o de inc\u00f3gnito, en la que las cookies se eliminan autom\u00e1ticamente al cerrar la sesi\u00f3n. (Autoridad Catalana de Protecci\u00f3n de Datos)<\/p>\n<p>&nbsp;<\/p>\n<p><strong>Enlaces a pol\u00edticas de terceros<\/strong><\/p>\n<p>Cuando interact\u00faa con contenidos de terceros (como redes sociales o v\u00eddeos incrustados), estas entidades pueden instalar sus propias cookies conforme a sus pol\u00edticas de privacidad, sobre las cuales <strong>Liceo P\u00e0lcam SL no tiene control<\/strong>. La aceptaci\u00f3n de cookies de terceros puede implicar tratamientos de datos fuera de nuestro dominio. (Autoridad Catalana de Protecci\u00f3n de Datos)<\/p>\n<p>&nbsp;<\/p>\n<p><strong>Cambios y actualizaciones<\/strong><\/p>\n<p>Esta Pol\u00edtica de Cookies puede ser modificada para adaptarse a nuevas pr\u00e1cticas, servicios t\u00e9cnicos o requisitos legales. Se recomienda revisarla peri\u00f3dicamente.<\/p>\n<p>&nbsp;<\/p>\n<p><strong>Contacto<\/strong><\/p>\n<p>Para cualquier duda sobre esta Pol\u00edtica de Cookies, puede contactar con:<\/p>\n<p> <strong><a href=\"mailto:lopd@palcam.cat\">lopd@palcam.cat<\/a><\/strong><br \/>\n<strong>Liceo P\u00e0lcam SL<\/strong><\/p>","protected":false},"excerpt":{"rendered":"<p>&nbsp; www.palcam.cat Introducci\u00f3n El sitio web www.palcam.cat es propiedad de Liceo P\u00e0lcam SL. Esta Pol\u00edtica de Cookies describe c\u00f3mo utilizamos cookies y tecnolog\u00edas similares para mejorar la experiencia de navegaci\u00f3n, adaptar los servicios ofrecidos y, cuando sea necesario, recopilar datos de uso de forma an\u00f3nima. (palcam.cat) \u00bfQu\u00e9 son las cookies? Las cookies son peque\u00f1os archivos [&hellip;]<\/p>\n","protected":false},"author":12,"featured_media":0,"parent":0,"menu_order":0,"comment_status":"closed","ping_status":"closed","template":"page-cookies.php","meta":{"_mc_calendar":[],"footnotes":"","_links_to":"","_links_to_target":""},"class_list":["post-74298","page","type-page","status-publish","hentry"],"_links":{"self":[{"href":"https:\/\/www.palcam.cat\/es\/wp-json\/wp\/v2\/pages\/74298","targetHints":{"allow":["GET"]}}],"collection":[{"href":"https:\/\/www.palcam.cat\/es\/wp-json\/wp\/v2\/pages"}],"about":[{"href":"https:\/\/www.palcam.cat\/es\/wp-json\/wp\/v2\/types\/page"}],"author":[{"embeddable":true,"href":"https:\/\/www.palcam.cat\/es\/wp-json\/wp\/v2\/users\/12"}],"replies":[{"embeddable":true,"href":"https:\/\/www.palcam.cat\/es\/wp-json\/wp\/v2\/comments?post=74298"}],"version-history":[{"count":3,"href":"https:\/\/www.palcam.cat\/es\/wp-json\/wp\/v2\/pages\/74298\/revisions"}],"predecessor-version":[{"id":74301,"href":"https:\/\/www.palcam.cat\/es\/wp-json\/wp\/v2\/pages\/74298\/revisions\/74301"}],"wp:attachment":[{"href":"https:\/\/www.palcam.cat\/es\/wp-json\/wp\/v2\/media?parent=74298"}],"curies":[{"name":"wp","href":"https:\/\/api.w.org\/{rel}","templated":true}]}}