{"id":105,"date":"2025-01-23T14:42:21","date_gmt":"2025-01-23T14:42:21","guid":{"rendered":"https:\/\/enproves.palcam.cat\/?page_id=105"},"modified":"2025-02-17T23:03:10","modified_gmt":"2025-02-17T22:03:10","slug":"bustia-etica","status":"publish","type":"page","link":"https:\/\/www.palcam.cat\/es\/contacta\/bustia-etica\/","title":{"rendered":"Buz\u00f3n \u00e9tico"},"content":{"rendered":"<p>El canal de denuncia interno, tambi\u00e9n llamado canal interno de comunicaci\u00f3n o buz\u00f3n \u00e9tico es una de las obligaciones que impone la entrada en vigor de la Ley 2\/2023 de 20 de febrero, reguladora de la protecci\u00f3n a las personas que informen sobre infracciones normativas y de lucha contra la corrupci\u00f3n. La finalidad de la norma es proteger a las personas que detecten infracciones penales o administrativas graves o muy graves y las comuniquen mediante los mecanismos regulados en la misma.<\/p>\n<p>Dicho canal est\u00e1 dise\u00f1ado para recibir denuncias presentadas por las propias personas trabajadoras del colegio, por personas que se relacionan en el \u00e1mbito laboral o por terceros vinculados con el colegio, con el objetivo de poder poner de manifiesto y alertar sobre conductas cometidas por el centro escolar.<\/p>\n<p>IMPORTANTE: El canal de denuncia es una herramienta dise\u00f1ada \u00fanicamente para comunicar hechos relacionados con malas pr\u00e1cticas por parte del colegio que constituyan infracciones penales o administrativas. En los supuestos de quejas, sugerencias o comunicaciones con el colegio existen otros canales de comunicaci\u00f3n (<a href=\"https:\/\/www.palcam.cat\/contactans\/\">clicar aqu\u00ed<\/a>)<\/p>\n<p>Consulte el protocolo de funcionamiento del canal de denuncias <a href=\"https:\/\/www.palcam.cat\/wp-content\/uploads\/2023\/11\/03.-Procedimiento-de-funcionamiento-canal-denuncias-Modelo-Calidad-Revisada-ortografia.pdf\">clicando aqu\u00ed<\/a>.<\/p>\n<h2>Acceso al buz\u00f3n de denuncias<\/h2>\n<p>Las comunicaciones se pueden presentar:<br \/>\n&#8211; Mediante correo postal, en la direcci\u00f3n Cl. Rosal\u00eda de Castro n\u00ba 32, 08025, Barcelona.<br \/>\n&#8211; Verbalmente por v\u00eda telef\u00f3nica en el 93-435-97-49.<br \/>\n&#8211; Presencialmente concertando una cita en el tel\u00e9fono 93-435-97-49.<br \/>\n&#8211; Mediante la plataforma electr\u00f3nica de gesti\u00f3n del canal de denuncias. Esta aplicaci\u00f3n es el canal prioritario de admisi\u00f3n de comunicaciones, ya que es \u00fanico que garantiza la confidencialidad y permite el anonimato de las comunicaciones durante todo el proceso.<\/p>\n<div class=\"formularienviarcontactanos\">\n<span class='pum-trigger  popmake-40  popmake-58841' data-do-default=''>BOT\u00d3N DE ACCESO A LA APLICACI\u00d3N<\/span><\/div>\n<p><\/p>","protected":false},"excerpt":{"rendered":"<p>El canal de denuncia interno, tambi\u00e9n llamado canal interno de comunicaci\u00f3n o buz\u00f3n \u00e9tico es una de las obligaciones que impone la entrada en vigor de la Ley 2\/2023 de 20 de febrero, reguladora de la protecci\u00f3n a las personas que informen sobre infracciones normativas y de lucha contra la corrupci\u00f3n. La finalidad de la [&hellip;]<\/p>\n","protected":false},"author":12,"featured_media":0,"parent":18,"menu_order":4,"comment_status":"closed","ping_status":"closed","template":"page-bustia.php","meta":{"_mc_calendar":[],"footnotes":"","_links_to":"","_links_to_target":""},"class_list":["post-105","page","type-page","status-publish","hentry"],"_links":{"self":[{"href":"https:\/\/www.palcam.cat\/es\/wp-json\/wp\/v2\/pages\/105","targetHints":{"allow":["GET"]}}],"collection":[{"href":"https:\/\/www.palcam.cat\/es\/wp-json\/wp\/v2\/pages"}],"about":[{"href":"https:\/\/www.palcam.cat\/es\/wp-json\/wp\/v2\/types\/page"}],"author":[{"embeddable":true,"href":"https:\/\/www.palcam.cat\/es\/wp-json\/wp\/v2\/users\/12"}],"replies":[{"embeddable":true,"href":"https:\/\/www.palcam.cat\/es\/wp-json\/wp\/v2\/comments?post=105"}],"version-history":[{"count":4,"href":"https:\/\/www.palcam.cat\/es\/wp-json\/wp\/v2\/pages\/105\/revisions"}],"predecessor-version":[{"id":65470,"href":"https:\/\/www.palcam.cat\/es\/wp-json\/wp\/v2\/pages\/105\/revisions\/65470"}],"up":[{"embeddable":true,"href":"https:\/\/www.palcam.cat\/es\/wp-json\/wp\/v2\/pages\/18"}],"wp:attachment":[{"href":"https:\/\/www.palcam.cat\/es\/wp-json\/wp\/v2\/media?parent=105"}],"curies":[{"name":"wp","href":"https:\/\/api.w.org\/{rel}","templated":true}]}}